{"id":4278,"date":"2024-04-22T10:17:18","date_gmt":"2024-04-22T10:17:18","guid":{"rendered":"https:\/\/theresortvillagecyprus.com\/%d0%b8%d0%bd%d0%b2%d0%b5%d1%81%d1%82%d0%b8%d1%86%d0%b8%d0%be%d0%bd%d0%bd%d1%8b%d0%b5-%d0%bf%d1%80%d0%b5%d0%b8%d0%bc%d1%83%d1%89%d0%b5%d1%81%d1%82%d0%b2%d0%b0-%d1%81%d0%b5%d0%b2%d0%b5%d1%80%d0%bd%d0%be\/"},"modified":"2024-05-09T12:23:50","modified_gmt":"2024-05-09T12:23:50","slug":"%d0%b8%d0%bd%d0%b2%d0%b5%d1%81%d1%82%d0%b8%d1%86%d0%b8%d0%be%d0%bd%d0%bd%d1%8b%d0%b5-%d0%bf%d1%80%d0%b5%d0%b8%d0%bc%d1%83%d1%89%d0%b5%d1%81%d1%82%d0%b2%d0%b0-%d1%81%d0%b5%d0%b2%d0%b5%d1%80%d0%bd%d0%be","status":"publish","type":"page","link":"https:\/\/theresortvillagecyprus.com\/ru\/%d0%b8%d0%bd%d0%b2%d0%b5%d1%81%d1%82%d0%b8%d1%86%d0%b8%d0%be%d0%bd%d0%bd%d1%8b%d0%b5-%d0%bf%d1%80%d0%b5%d0%b8%d0%bc%d1%83%d1%89%d0%b5%d1%81%d1%82%d0%b2%d0%b0-%d1%81%d0%b5%d0%b2%d0%b5%d1%80%d0%bd%d0%be\/","title":{"rendered":"\u0418\u043d\u0432\u0435\u0441\u0442\u0438\u0446\u0438\u043e\u043d\u043d\u044b\u0435 \u043f\u0440\u0435\u0438\u043c\u0443\u0449\u0435\u0441\u0442\u0432\u0430 \u0421\u0435\u0432\u0435\u0440\u043d\u043e\u0433\u043e \u041a\u0438\u043f\u0440\u0430"},"content":{"rendered":"\t\t<div data-elementor-type=\"wp-page\" data-elementor-id=\"4278\" class=\"elementor elementor-4278 elementor-3607\" data-elementor-post-type=\"page\">\n\t\t\t\t\t\t\t\t\t<section class=\"elementor-section elementor-top-section elementor-element elementor-element-580a5843 elementor-section-boxed elementor-section-height-default elementor-section-height-default elementor-invisible\" data-id=\"580a5843\" data-element_type=\"section\" data-settings=\"{&quot;animation&quot;:&quot;fadeIn&quot;}\">\n\t\t\t\t\t\t<div class=\"elementor-container elementor-column-gap-default\">\n\t\t\t\t\t<div class=\"elementor-column elementor-col-100 elementor-top-column elementor-element elementor-element-1144ec93\" data-id=\"1144ec93\" data-element_type=\"column\">\n\t\t\t<div class=\"elementor-widget-wrap elementor-element-populated\">\n\t\t\t\t\t\t\t\t<div class=\"elementor-element elementor-element-fa8de5e elementor-widget elementor-widget-image\" data-id=\"fa8de5e\" data-element_type=\"widget\" data-widget_type=\"image.default\">\n\t\t\t\t<div class=\"elementor-widget-container\">\n\t\t\t<style>\/*! elementor - v3.17.0 - 25-10-2023 *\/\n.elementor-widget-image{text-align:center}.elementor-widget-image a{display:inline-block}.elementor-widget-image a img[src$=\".svg\"]{width:48px}.elementor-widget-image img{vertical-align:middle;display:inline-block}<\/style>\t\t\t\t\t\t\t\t\t\t\t\t<img loading=\"lazy\" decoding=\"async\" width=\"1100\" height=\"464\" src=\"https:\/\/theresortvillagecyprus.com\/wp-content\/uploads\/2024\/04\/cyprus.jpg\" class=\"attachment-full size-full wp-image-3295\" alt=\"\" srcset=\"https:\/\/theresortvillagecyprus.com\/wp-content\/uploads\/2024\/04\/cyprus.jpg 1100w, https:\/\/theresortvillagecyprus.com\/wp-content\/uploads\/2024\/04\/cyprus-300x127.jpg 300w, https:\/\/theresortvillagecyprus.com\/wp-content\/uploads\/2024\/04\/cyprus-1024x432.jpg 1024w, https:\/\/theresortvillagecyprus.com\/wp-content\/uploads\/2024\/04\/cyprus-768x324.jpg 768w\" sizes=\"auto, (max-width: 1100px) 100vw, 1100px\" \/>\t\t\t\t\t\t\t\t\t\t\t\t\t\t\t<\/div>\n\t\t\t\t<\/div>\n\t\t\t\t<div class=\"elementor-element elementor-element-3dc5e6a7 elementor-widget-tablet__width-inherit elementor-invisible elementor-widget elementor-widget-text-editor\" data-id=\"3dc5e6a7\" data-element_type=\"widget\" data-settings=\"{&quot;_animation&quot;:&quot;fadeInUp&quot;}\" data-widget_type=\"text-editor.default\">\n\t\t\t\t<div class=\"elementor-widget-container\">\n\t\t\t<style>\/*! elementor - v3.17.0 - 25-10-2023 *\/\n.elementor-widget-text-editor.elementor-drop-cap-view-stacked .elementor-drop-cap{background-color:#69727d;color:#fff}.elementor-widget-text-editor.elementor-drop-cap-view-framed .elementor-drop-cap{color:#69727d;border:3px solid;background-color:transparent}.elementor-widget-text-editor:not(.elementor-drop-cap-view-default) .elementor-drop-cap{margin-top:8px}.elementor-widget-text-editor:not(.elementor-drop-cap-view-default) .elementor-drop-cap-letter{width:1em;height:1em}.elementor-widget-text-editor .elementor-drop-cap{float:left;text-align:center;line-height:1;font-size:50px}.elementor-widget-text-editor .elementor-drop-cap-letter{display:inline-block}<\/style>\t\t\t\t<p>\u0423\u043a\u0440\u0435\u043f\u0438\u0442\u0435 \u0441\u0432\u043e\u0439 \u0438\u043d\u0432\u0435\u0441\u0442\u0438\u0446\u0438\u043e\u043d\u043d\u044b\u0439 \u043f\u043e\u0440\u0442\u0444\u0435\u043b\u044c \u0432 \u0441\u0430\u043c\u043e\u043c \u0441\u0435\u0440\u0434\u0446\u0435 \u0421\u0435\u0432\u0435\u0440\u043d\u043e\u0433\u043e \u041a\u0438\u043f\u0440\u0430 \u0441 \u043f\u043e\u043c\u043e\u0449\u044c\u044e The Resort Village. \u041e\u0442\u043a\u0440\u043e\u0439\u0442\u0435 \u0434\u043b\u044f \u0441\u0435\u0431\u044f \u0443\u043d\u0438\u043a\u0430\u043b\u044c\u043d\u044b\u0435 \u0432\u043e\u0437\u043c\u043e\u0436\u043d\u043e\u0441\u0442\u0438 \u0432 \u043c\u0435\u0441\u0442\u0435, \u0433\u0434\u0435 \u0442\u0440\u0430\u0434\u0438\u0446\u0438\u0438 \u0441\u043e\u0447\u0435\u0442\u0430\u044e\u0442\u0441\u044f \u0441 \u0441\u043e\u0432\u0440\u0435\u043c\u0435\u043d\u043d\u043e\u0441\u0442\u044c\u044e, \u0438 \u0443\u0431\u0435\u0434\u0438\u0442\u0435\u0441\u044c, \u0447\u0442\u043e \u0412\u0430\u0448\u0438 \u0438\u043d\u0432\u0435\u0441\u0442\u0438\u0446\u0438\u0438 \u043d\u0435 \u0442\u043e\u043b\u044c\u043a\u043e \u0440\u0430\u0441\u0442\u0443\u0442, \u043d\u043e \u0438 \u043f\u0440\u043e\u0446\u0432\u0435\u0442\u0430\u044e\u0442. \u0412\u043e\u0437\u0432\u044b\u0441\u044c\u0442\u0435 \u0441\u0432\u043e\u0435 \u0438\u043d\u0432\u0435\u0441\u0442\u0438\u0446\u0438\u043e\u043d\u043d\u043e\u0435 \u043f\u0443\u0442\u0435\u0448\u0435\u0441\u0442\u0432\u0438\u0435, \u0433\u0434\u0435 \u043a\u0430\u0436\u0434\u0430\u044f \u0434\u0435\u0442\u0430\u043b\u044c \u043e\u0442\u0440\u0430\u0436\u0430\u0435\u0442 \u0440\u043e\u0441\u043a\u043e\u0448\u044c \u0438 \u043f\u043e\u0442\u0435\u043d\u0446\u0438\u0430\u043b.<\/p>\n<p>\u041d\u0430\u0448\u0430 \u043d\u0435\u0434\u0432\u0438\u0436\u0438\u043c\u043e\u0441\u0442\u044c &#8212; \u044d\u0442\u043e \u043d\u0435 \u0442\u043e\u043b\u044c\u043a\u043e \u0441\u043f\u043e\u043a\u043e\u0439\u043d\u044b\u0439 \u043e\u0442\u0434\u044b\u0445 \u0441\u0440\u0435\u0434\u0438 \u0432\u043f\u0435\u0447\u0430\u0442\u043b\u044f\u044e\u0449\u0438\u0445 \u043f\u0435\u0439\u0437\u0430\u0436\u0435\u0439, \u043d\u043e \u0438 \u043e\u0442\u043b\u0438\u0447\u043d\u044b\u0435 \u0432\u043e\u0437\u043c\u043e\u0436\u043d\u043e\u0441\u0442\u0438 \u0434\u043b\u044f \u0438\u043d\u0432\u0435\u0441\u0442\u0438\u0446\u0438\u0439 \u0441 \u0431\u043e\u043b\u044c\u0448\u0438\u043c \u043f\u043e\u0442\u0435\u043d\u0446\u0438\u0430\u043b\u043e\u043c. \u041e\u0449\u0443\u0442\u0438\u0442\u0435 \u0440\u043e\u0441\u043a\u043e\u0448\u044c \u0436\u0438\u0437\u043d\u0438 \u0432 \u0440\u0435\u0433\u0438\u043e\u043d\u0435, \u0438\u0437\u0432\u0435\u0441\u0442\u043d\u043e\u043c \u0441\u0432\u043e\u0438\u043c \u043f\u0440\u0438\u0440\u043e\u0434\u043d\u044b\u043c \u043e\u0447\u0430\u0440\u043e\u0432\u0430\u043d\u0438\u0435\u043c \u0438 \u044d\u043a\u043e\u043d\u043e\u043c\u0438\u0447\u0435\u0441\u043a\u0438\u043c \u0440\u043e\u0441\u0442\u043e\u043c, \u0438 \u043d\u0430\u0431\u043b\u044e\u0434\u0430\u0439\u0442\u0435 \u0437\u0430 \u0442\u0435\u043c, \u043a\u0430\u043a \u043f\u0440\u0435\u0443\u0441\u043f\u0435\u0432\u0430\u044e\u0442 \u0412\u0430\u0448\u0438 \u0438\u043d\u0432\u0435\u0441\u0442\u0438\u0446\u0438\u0438. Resort Village &#8212; \u044d\u0442\u043e \u043c\u0435\u0441\u0442\u043e, \u0433\u0434\u0435 \u0432\u0430\u0448\u0435 \u0438\u043d\u0432\u0435\u0441\u0442\u0438\u0446\u0438\u043e\u043d\u043d\u043e\u0435 \u0432\u0438\u0434\u0435\u043d\u0438\u0435 \u0441\u0442\u0430\u043d\u043e\u0432\u0438\u0442\u0441\u044f \u0432\u0435\u043b\u0438\u043a\u043e\u043b\u0435\u043f\u043d\u043e\u0439 \u0440\u0435\u0430\u043b\u044c\u043d\u043e\u0441\u0442\u044c\u044e.<\/p>\n\t\t\t\t\t\t<\/div>\n\t\t\t\t<\/div>\n\t\t\t\t<div class=\"elementor-element elementor-element-576dc1c elementor-invisible elementor-widget elementor-widget-heading\" data-id=\"576dc1c\" data-element_type=\"widget\" data-settings=\"{&quot;_animation&quot;:&quot;fadeInUp&quot;}\" data-widget_type=\"heading.default\">\n\t\t\t\t<div class=\"elementor-widget-container\">\n\t\t\t<style>\/*! elementor - v3.17.0 - 25-10-2023 *\/\n.elementor-heading-title{padding:0;margin:0;line-height:1}.elementor-widget-heading .elementor-heading-title[class*=elementor-size-]>a{color:inherit;font-size:inherit;line-height:inherit}.elementor-widget-heading .elementor-heading-title.elementor-size-small{font-size:15px}.elementor-widget-heading .elementor-heading-title.elementor-size-medium{font-size:19px}.elementor-widget-heading .elementor-heading-title.elementor-size-large{font-size:29px}.elementor-widget-heading .elementor-heading-title.elementor-size-xl{font-size:39px}.elementor-widget-heading .elementor-heading-title.elementor-size-xxl{font-size:59px}<\/style><h2 class=\"elementor-heading-title elementor-size-default\">\u0418\u043d\u0432\u0435\u0441\u0442\u0438\u0446\u0438\u043e\u043d\u043d\u044b\u0435 \u043f\u0440\u0435\u0438\u043c\u0443\u0449\u0435\u0441\u0442\u0432\u0430 \u0421\u0435\u0432\u0435\u0440\u043d\u043e\u0433\u043e \u041a\u0438\u043f\u0440\u0430<\/h2>\t\t<\/div>\n\t\t\t\t<\/div>\n\t\t\t\t<div class=\"elementor-element elementor-element-680e40a elementor-icon-list--layout-traditional elementor-list-item-link-full_width elementor-widget elementor-widget-icon-list\" data-id=\"680e40a\" data-element_type=\"widget\" data-widget_type=\"icon-list.default\">\n\t\t\t\t<div class=\"elementor-widget-container\">\n\t\t\t<link rel=\"stylesheet\" href=\"https:\/\/theresortvillagecyprus.com\/wp-content\/plugins\/elementor\/assets\/css\/widget-icon-list.min.css\">\t\t<ul class=\"elementor-icon-list-items\">\n\t\t\t\t\t\t\t<li class=\"elementor-icon-list-item\">\n\t\t\t\t\t\t\t\t\t\t\t<span class=\"elementor-icon-list-icon\">\n\t\t\t\t\t\t\t<i aria-hidden=\"true\" class=\"fas fa-dot-circle\"><\/i>\t\t\t\t\t\t<\/span>\n\t\t\t\t\t\t\t\t\t\t<span class=\"elementor-icon-list-text\">\u041e\u0447\u0435\u043d\u044c \u043f\u0440\u0438\u0432\u043b\u0435\u043a\u0430\u0442\u0435\u043b\u044c\u043d\u044b\u0435 \u0446\u0435\u043d\u044b \u043d\u0430 \u043d\u0435\u0434\u0432\u0438\u0436\u0438\u043c\u043e\u0441\u0442\u044c<\/span>\n\t\t\t\t\t\t\t\t\t<\/li>\n\t\t\t\t\t\t\t\t<li class=\"elementor-icon-list-item\">\n\t\t\t\t\t\t\t\t\t\t\t<span class=\"elementor-icon-list-icon\">\n\t\t\t\t\t\t\t<i aria-hidden=\"true\" class=\"fas fa-dot-circle\"><\/i>\t\t\t\t\t\t<\/span>\n\t\t\t\t\t\t\t\t\t\t<span class=\"elementor-icon-list-text\">\u0412\u044b\u0441\u043e\u043a\u0430\u044f \u043e\u0442\u0434\u0430\u0447\u0430 \u043e\u0442 \u0438\u043d\u0432\u0435\u0441\u0442\u0438\u0446\u0438\u0439<\/span>\n\t\t\t\t\t\t\t\t\t<\/li>\n\t\t\t\t\t\t\t\t<li class=\"elementor-icon-list-item\">\n\t\t\t\t\t\t\t\t\t\t\t<span class=\"elementor-icon-list-icon\">\n\t\t\t\t\t\t\t<i aria-hidden=\"true\" class=\"fas fa-dot-circle\"><\/i>\t\t\t\t\t\t<\/span>\n\t\t\t\t\t\t\t\t\t\t<span class=\"elementor-icon-list-text\">3 \u043c\u0435\u0436\u0434\u0443\u043d\u0430\u0440\u043e\u0434\u043d\u044b\u0445 \u0430\u044d\u0440\u043e\u043f\u043e\u0440\u0442\u0430 \u0441 \u043b\u0435\u0433\u043a\u0438\u043c \u0434\u043e\u0441\u0442\u0443\u043f\u043e\u043c \u0441\u043e \u0432\u0441\u0435\u0433\u043e \u043c\u0438\u0440\u0430<\/span>\n\t\t\t\t\t\t\t\t\t<\/li>\n\t\t\t\t\t\t\t\t<li class=\"elementor-icon-list-item\">\n\t\t\t\t\t\t\t\t\t\t\t<span class=\"elementor-icon-list-icon\">\n\t\t\t\t\t\t\t<i aria-hidden=\"true\" class=\"fas fa-dot-circle\"><\/i>\t\t\t\t\t\t<\/span>\n\t\t\t\t\t\t\t\t\t\t<span class=\"elementor-icon-list-text\">\u041e\u0442\u043d\u043e\u0441\u0438\u0442\u0435\u043b\u044c\u043d\u043e \u043d\u0438\u0437\u043a\u0430\u044f \u0441\u0442\u043e\u0438\u043c\u043e\u0441\u0442\u044c \u0436\u0438\u0437\u043d\u0438<\/span>\n\t\t\t\t\t\t\t\t\t<\/li>\n\t\t\t\t\t\t\t\t<li class=\"elementor-icon-list-item\">\n\t\t\t\t\t\t\t\t\t\t\t<span class=\"elementor-icon-list-icon\">\n\t\t\t\t\t\t\t<i aria-hidden=\"true\" class=\"fas fa-dot-circle\"><\/i>\t\t\t\t\t\t<\/span>\n\t\t\t\t\t\t\t\t\t\t<span class=\"elementor-icon-list-text\">\u041e\u0442\u043b\u0438\u0447\u043d\u043e\u0435 \u0443\u0432\u0435\u043b\u0438\u0447\u0435\u043d\u0438\u0435 \u043a\u0430\u043f\u0438\u0442\u0430\u043b\u0430 \u0434\u043b\u044f \u0438\u043d\u0432\u0435\u0441\u0442\u043e\u0440\u043e\u0432, \u0436\u0435\u043b\u0430\u044e\u0449\u0438\u0445 \u043f\u0435\u0440\u0435\u043f\u0440\u043e\u0434\u0430\u0442\u044c<\/span>\n\t\t\t\t\t\t\t\t\t<\/li>\n\t\t\t\t\t\t\t\t<li class=\"elementor-icon-list-item\">\n\t\t\t\t\t\t\t\t\t\t\t<span class=\"elementor-icon-list-icon\">\n\t\t\t\t\t\t\t<i aria-hidden=\"true\" class=\"fas fa-dot-circle\"><\/i>\t\t\t\t\t\t<\/span>\n\t\t\t\t\t\t\t\t\t\t<span class=\"elementor-icon-list-text\">\u0414\u043e 340 \u0441\u043e\u043b\u043d\u0435\u0447\u043d\u044b\u0445 \u0434\u043d\u0435\u0439 \u0432 \u0433\u043e\u0434\u0443; \u0438\u0434\u0435\u0430\u043b\u044c\u043d\u043e\u0435 \u043c\u0435\u0441\u0442\u043e \u0434\u043b\u044f \u0441\u0434\u0430\u0447\u0438 \u0432 \u0430\u0440\u0435\u043d\u0434\u0443 \u043d\u0430 \u0432\u0440\u0435\u043c\u044f \u043e\u0442\u043f\u0443\u0441\u043a\u0430.<\/span>\n\t\t\t\t\t\t\t\t\t<\/li>\n\t\t\t\t\t\t<\/ul>\n\t\t\t\t<\/div>\n\t\t\t\t<\/div>\n\t\t\t\t<section class=\"elementor-section elementor-inner-section elementor-element elementor-element-ed69058 elementor-section-boxed elementor-section-height-default elementor-section-height-default\" data-id=\"ed69058\" data-element_type=\"section\">\n\t\t\t\t\t\t<div class=\"elementor-container elementor-column-gap-default\">\n\t\t\t\t\t<div class=\"elementor-column elementor-col-50 elementor-inner-column elementor-element elementor-element-7825c6f\" data-id=\"7825c6f\" data-element_type=\"column\">\n\t\t\t<div class=\"elementor-widget-wrap elementor-element-populated\">\n\t\t\t\t\t\t\t\t<div class=\"elementor-element elementor-element-a75b60e elementor-widget elementor-widget-counter\" data-id=\"a75b60e\" data-element_type=\"widget\" data-widget_type=\"counter.default\">\n\t\t\t\t<div class=\"elementor-widget-container\">\n\t\t\t<style>\/*! elementor - v3.17.0 - 25-10-2023 *\/\n.elementor-counter .elementor-counter-number-wrapper{display:flex;font-size:69px;font-weight:600;line-height:1}.elementor-counter .elementor-counter-number-prefix,.elementor-counter .elementor-counter-number-suffix{flex-grow:1;white-space:pre-wrap}.elementor-counter .elementor-counter-number-prefix{text-align:right}.elementor-counter .elementor-counter-number-suffix{text-align:left}.elementor-counter .elementor-counter-title{text-align:center;font-size:19px;font-weight:400;line-height:2.5}<\/style>\t\t<div class=\"elementor-counter\">\n\t\t\t<div class=\"elementor-counter-number-wrapper\">\n\t\t\t\t<span class=\"elementor-counter-number-prefix\"><\/span>\n\t\t\t\t<span class=\"elementor-counter-number\" data-duration=\"2000\" data-to-value=\"142\" data-from-value=\"0\" data-delimiter=\",\">0<\/span>\n\t\t\t\t<span class=\"elementor-counter-number-suffix\">%<\/span>\n\t\t\t<\/div>\n\t\t\t\t\t\t\t<div class=\"elementor-counter-title\">Daire Fiyat Art\u0131\u015f\u0131 (2021-2023)<\/div>\n\t\t\t\t\t<\/div>\n\t\t\t\t<\/div>\n\t\t\t\t<\/div>\n\t\t\t\t\t<\/div>\n\t\t<\/div>\n\t\t\t\t<div class=\"elementor-column elementor-col-50 elementor-inner-column elementor-element elementor-element-418811d\" data-id=\"418811d\" data-element_type=\"column\">\n\t\t\t<div class=\"elementor-widget-wrap elementor-element-populated\">\n\t\t\t\t\t\t\t\t<div class=\"elementor-element elementor-element-4627e10 elementor-widget elementor-widget-counter\" data-id=\"4627e10\" data-element_type=\"widget\" data-widget_type=\"counter.default\">\n\t\t\t\t<div class=\"elementor-widget-container\">\n\t\t\t\t\t<div class=\"elementor-counter\">\n\t\t\t<div class=\"elementor-counter-number-wrapper\">\n\t\t\t\t<span class=\"elementor-counter-number-prefix\"><\/span>\n\t\t\t\t<span class=\"elementor-counter-number\" data-duration=\"2000\" data-to-value=\"120\" data-from-value=\"0\" data-delimiter=\",\">0<\/span>\n\t\t\t\t<span class=\"elementor-counter-number-suffix\">%<\/span>\n\t\t\t<\/div>\n\t\t\t\t\t\t\t<div class=\"elementor-counter-title\">Konut Fiyat Art\u0131\u015f\u0131 (2021-2023)<\/div>\n\t\t\t\t\t<\/div>\n\t\t\t\t<\/div>\n\t\t\t\t<\/div>\n\t\t\t\t\t<\/div>\n\t\t<\/div>\n\t\t\t\t\t\t\t<\/div>\n\t\t<\/section>\n\t\t\t\t\t<\/div>\n\t\t<\/div>\n\t\t\t\t\t\t\t<\/div>\n\t\t<\/section>\n\t\t\t\t\t\t\t<\/div>\n\t\t","protected":false},"excerpt":{"rendered":"<p>\u0423\u043a\u0440\u0435\u043f\u0438\u0442\u0435 \u0441\u0432\u043e\u0439 \u0438\u043d\u0432\u0435\u0441\u0442\u0438\u0446\u0438\u043e\u043d\u043d\u044b\u0439 \u043f\u043e\u0440\u0442\u0444\u0435\u043b\u044c \u0432 \u0441\u0430\u043c\u043e\u043c \u0441\u0435\u0440\u0434\u0446\u0435 \u0421\u0435\u0432\u0435\u0440\u043d\u043e\u0433\u043e \u041a\u0438\u043f\u0440\u0430 \u0441 \u043f\u043e\u043c\u043e\u0449\u044c\u044e The Resort Village. \u041e\u0442\u043a\u0440\u043e\u0439\u0442\u0435 \u0434\u043b\u044f \u0441\u0435\u0431\u044f \u0443\u043d\u0438\u043a\u0430\u043b\u044c\u043d\u044b\u0435 \u0432\u043e\u0437\u043c\u043e\u0436\u043d\u043e\u0441\u0442\u0438 \u0432 \u043c\u0435\u0441\u0442\u0435, \u0433\u0434\u0435 \u0442\u0440\u0430\u0434\u0438\u0446\u0438\u0438 \u0441\u043e\u0447\u0435\u0442\u0430\u044e\u0442\u0441\u044f \u0441 \u0441\u043e\u0432\u0440\u0435\u043c\u0435\u043d\u043d\u043e\u0441\u0442\u044c\u044e, \u0438 \u0443\u0431\u0435\u0434\u0438\u0442\u0435\u0441\u044c, \u0447\u0442\u043e \u0412\u0430\u0448\u0438 \u0438\u043d\u0432\u0435\u0441\u0442\u0438\u0446\u0438\u0438 \u043d\u0435 \u0442\u043e\u043b\u044c\u043a\u043e \u0440\u0430\u0441\u0442\u0443\u0442, \u043d\u043e \u0438 \u043f\u0440\u043e\u0446\u0432\u0435\u0442\u0430\u044e\u0442. \u0412\u043e\u0437\u0432\u044b\u0441\u044c\u0442\u0435 \u0441\u0432\u043e\u0435 \u0438\u043d\u0432\u0435\u0441\u0442\u0438\u0446\u0438\u043e\u043d\u043d\u043e\u0435 \u043f\u0443\u0442\u0435\u0448\u0435\u0441\u0442\u0432\u0438\u0435, \u0433\u0434\u0435 \u043a\u0430\u0436\u0434\u0430\u044f \u0434\u0435\u0442\u0430\u043b\u044c \u043e\u0442\u0440\u0430\u0436\u0430\u0435\u0442 \u0440\u043e\u0441\u043a\u043e\u0448\u044c \u0438 \u043f\u043e\u0442\u0435\u043d\u0446\u0438\u0430\u043b. \u041d\u0430\u0448\u0430 \u043d\u0435\u0434\u0432\u0438\u0436\u0438\u043c\u043e\u0441\u0442\u044c &#8212; \u044d\u0442\u043e \u043d\u0435 \u0442\u043e\u043b\u044c\u043a\u043e \u0441\u043f\u043e\u043a\u043e\u0439\u043d\u044b\u0439 [&hellip;]<\/p>\n","protected":false},"author":1,"featured_media":0,"parent":0,"menu_order":0,"comment_status":"closed","ping_status":"closed","template":"elementor_header_footer","meta":{"footnotes":""},"class_list":["post-4278","page","type-page","status-publish","hentry"],"_links":{"self":[{"href":"https:\/\/theresortvillagecyprus.com\/ru\/wp-json\/wp\/v2\/pages\/4278","targetHints":{"allow":["GET"]}}],"collection":[{"href":"https:\/\/theresortvillagecyprus.com\/ru\/wp-json\/wp\/v2\/pages"}],"about":[{"href":"https:\/\/theresortvillagecyprus.com\/ru\/wp-json\/wp\/v2\/types\/page"}],"author":[{"embeddable":true,"href":"https:\/\/theresortvillagecyprus.com\/ru\/wp-json\/wp\/v2\/users\/1"}],"replies":[{"embeddable":true,"href":"https:\/\/theresortvillagecyprus.com\/ru\/wp-json\/wp\/v2\/comments?post=4278"}],"version-history":[{"count":1,"href":"https:\/\/theresortvillagecyprus.com\/ru\/wp-json\/wp\/v2\/pages\/4278\/revisions"}],"predecessor-version":[{"id":4301,"href":"https:\/\/theresortvillagecyprus.com\/ru\/wp-json\/wp\/v2\/pages\/4278\/revisions\/4301"}],"wp:attachment":[{"href":"https:\/\/theresortvillagecyprus.com\/ru\/wp-json\/wp\/v2\/media?parent=4278"}],"curies":[{"name":"wp","href":"https:\/\/api.w.org\/{rel}","templated":true}]}}