{"id":4248,"date":"2024-04-22T10:17:18","date_gmt":"2024-04-22T10:17:18","guid":{"rendered":"https:\/\/theresortvillagecyprus.com\/%d9%85%d8%b2%d8%a7%db%8c%d8%a7%db%8c-%d8%b3%d8%b1%d9%85%d8%a7%db%8c%d9%87-%da%af%d8%b0%d8%a7%d8%b1%db%8c-%d8%af%d8%b1-%d9%82%d8%a8%d8%b1%d8%b3-%d8%b4%d9%85%d8%a7%d9%84%db%8c\/"},"modified":"2024-05-09T12:23:50","modified_gmt":"2024-05-09T12:23:50","slug":"%d9%85%d8%b2%d8%a7%db%8c%d8%a7%db%8c-%d8%b3%d8%b1%d9%85%d8%a7%db%8c%d9%87-%da%af%d8%b0%d8%a7%d8%b1%db%8c-%d8%af%d8%b1-%d9%82%d8%a8%d8%b1%d8%b3-%d8%b4%d9%85%d8%a7%d9%84%db%8c","status":"publish","type":"page","link":"https:\/\/theresortvillagecyprus.com\/fa\/%d9%85%d8%b2%d8%a7%db%8c%d8%a7%db%8c-%d8%b3%d8%b1%d9%85%d8%a7%db%8c%d9%87-%da%af%d8%b0%d8%a7%d8%b1%db%8c-%d8%af%d8%b1-%d9%82%d8%a8%d8%b1%d8%b3-%d8%b4%d9%85%d8%a7%d9%84%db%8c\/","title":{"rendered":"\u0645\u0632\u0627\u06cc\u0627\u06cc \u0633\u0631\u0645\u0627\u06cc\u0647 \u06af\u0630\u0627\u0631\u06cc \u062f\u0631 \u0642\u0628\u0631\u0633 \u0634\u0645\u0627\u0644\u06cc"},"content":{"rendered":"\t\t<div data-elementor-type=\"wp-page\" data-elementor-id=\"4248\" class=\"elementor elementor-4248 elementor-3607\" data-elementor-post-type=\"page\">\n\t\t\t\t\t\t\t\t\t<section class=\"elementor-section elementor-top-section elementor-element elementor-element-580a5843 elementor-section-boxed elementor-section-height-default elementor-section-height-default elementor-invisible\" data-id=\"580a5843\" data-element_type=\"section\" data-settings=\"{&quot;animation&quot;:&quot;fadeIn&quot;}\">\n\t\t\t\t\t\t<div class=\"elementor-container elementor-column-gap-default\">\n\t\t\t\t\t<div class=\"elementor-column elementor-col-100 elementor-top-column elementor-element elementor-element-1144ec93\" data-id=\"1144ec93\" data-element_type=\"column\">\n\t\t\t<div class=\"elementor-widget-wrap elementor-element-populated\">\n\t\t\t\t\t\t\t\t<div class=\"elementor-element elementor-element-fa8de5e elementor-widget elementor-widget-image\" data-id=\"fa8de5e\" data-element_type=\"widget\" data-widget_type=\"image.default\">\n\t\t\t\t<div class=\"elementor-widget-container\">\n\t\t\t<style>\/*! elementor - v3.17.0 - 25-10-2023 *\/\n.elementor-widget-image{text-align:center}.elementor-widget-image a{display:inline-block}.elementor-widget-image a img[src$=\".svg\"]{width:48px}.elementor-widget-image img{vertical-align:middle;display:inline-block}<\/style>\t\t\t\t\t\t\t\t\t\t\t\t<img loading=\"lazy\" decoding=\"async\" width=\"1100\" height=\"464\" src=\"https:\/\/theresortvillagecyprus.com\/wp-content\/uploads\/2024\/04\/cyprus.jpg\" class=\"attachment-full size-full wp-image-3295\" alt=\"\" srcset=\"https:\/\/theresortvillagecyprus.com\/wp-content\/uploads\/2024\/04\/cyprus.jpg 1100w, https:\/\/theresortvillagecyprus.com\/wp-content\/uploads\/2024\/04\/cyprus-300x127.jpg 300w, https:\/\/theresortvillagecyprus.com\/wp-content\/uploads\/2024\/04\/cyprus-1024x432.jpg 1024w, https:\/\/theresortvillagecyprus.com\/wp-content\/uploads\/2024\/04\/cyprus-768x324.jpg 768w\" sizes=\"auto, (max-width: 1100px) 100vw, 1100px\" \/>\t\t\t\t\t\t\t\t\t\t\t\t\t\t\t<\/div>\n\t\t\t\t<\/div>\n\t\t\t\t<div class=\"elementor-element elementor-element-3dc5e6a7 elementor-widget-tablet__width-inherit elementor-invisible elementor-widget elementor-widget-text-editor\" data-id=\"3dc5e6a7\" data-element_type=\"widget\" data-settings=\"{&quot;_animation&quot;:&quot;fadeInUp&quot;}\" data-widget_type=\"text-editor.default\">\n\t\t\t\t<div class=\"elementor-widget-container\">\n\t\t\t<style>\/*! elementor - v3.17.0 - 25-10-2023 *\/\n.elementor-widget-text-editor.elementor-drop-cap-view-stacked .elementor-drop-cap{background-color:#69727d;color:#fff}.elementor-widget-text-editor.elementor-drop-cap-view-framed .elementor-drop-cap{color:#69727d;border:3px solid;background-color:transparent}.elementor-widget-text-editor:not(.elementor-drop-cap-view-default) .elementor-drop-cap{margin-top:8px}.elementor-widget-text-editor:not(.elementor-drop-cap-view-default) .elementor-drop-cap-letter{width:1em;height:1em}.elementor-widget-text-editor .elementor-drop-cap{float:left;text-align:center;line-height:1;font-size:50px}.elementor-widget-text-editor .elementor-drop-cap-letter{display:inline-block}<\/style>\t\t\t\t<p>\u0628\u0627 The Resort Village \u0633\u0628\u062f \u0633\u0631\u0645\u0627\u06cc\u0647 \u06af\u0630\u0627\u0631\u06cc \u062e\u0648\u062f \u0631\u0627 \u062f\u0631 \u0642\u0644\u0628 \u0642\u0628\u0631\u0633 \u0634\u0645\u0627\u0644\u06cc \u062a\u0642\u0648\u06cc\u062a \u06a9\u0646\u06cc\u062f. \u0641\u0631\u0635\u062a\u200c\u0647\u0627\u06cc \u0645\u0646\u062d\u0635\u0631\u0628\u0647\u200c\u0641\u0631\u062f \u0631\u0627 \u062f\u0631 \u0645\u06a9\u0627\u0646\u06cc \u06a9\u0647 \u0633\u0646\u062a \u0628\u0627 \u0645\u062f\u0631\u0646\u06cc\u062a\u0647 \u0645\u0644\u0627\u0642\u0627\u062a \u0645\u06cc\u200c\u06a9\u0646\u062f\u060c \u06a9\u0634\u0641 \u06a9\u0646\u06cc\u062f \u0648 \u0627\u0637\u0645\u06cc\u0646\u0627\u0646 \u062d\u0627\u0635\u0644 \u06a9\u0646\u06cc\u062f \u06a9\u0647 \u0633\u0631\u0645\u0627\u06cc\u0647\u200c\u06af\u0630\u0627\u0631\u06cc \u0634\u0645\u0627 \u0646\u0647 \u062a\u0646\u0647\u0627 \u0631\u0634\u062f \u0645\u06cc\u200c\u06a9\u0646\u062f\u060c \u0628\u0644\u06a9\u0647 \u062a\u0648\u0633\u0639\u0647 \u0645\u06cc\u200c\u06cc\u0627\u0628\u062f. \u0633\u0641\u0631 \u0633\u0631\u0645\u0627\u06cc\u0647 \u06af\u0630\u0627\u0631\u06cc \u062e\u0648\u062f \u0631\u0627 \u062c\u0627\u06cc\u06cc \u06a9\u0647 \u0647\u0631 \u062c\u0632\u0626\u06cc\u0627\u062a \u0646\u0634\u0627\u0646 \u062f\u0647\u0646\u062f\u0647 \u062a\u062c\u0645\u0644 \u0648 \u067e\u062a\u0627\u0646\u0633\u06cc\u0644 \u0628\u0627\u0634\u062f\u060c \u0627\u0631\u062a\u0642\u0627 \u062f\u0647\u06cc\u062f.<\/p>\n<p>\u0627\u0645\u0644\u0627\u06a9 \u0645\u0627 \u0646\u0647 \u062a\u0646\u0647\u0627 \u06cc\u06a9 \u0641\u0631\u0627\u0631 \u0622\u0631\u0627\u0645 \u062f\u0631 \u0645\u06cc\u0627\u0646 \u0645\u0646\u0627\u0638\u0631 \u062f\u06cc\u062f\u0646\u06cc \u0627\u0631\u0627\u0626\u0647 \u0645\u06cc \u062f\u0647\u0646\u062f\u060c \u0628\u0644\u06a9\u0647 \u0641\u0631\u0635\u062a \u0647\u0627\u06cc \u0633\u0631\u0645\u0627\u06cc\u0647 \u06af\u0630\u0627\u0631\u06cc \u0642\u0648\u06cc \u0628\u0627 \u067e\u062a\u0627\u0646\u0633\u06cc\u0644 \u0628\u0627\u0644\u0627\u06cc\u06cc \u0631\u0627 \u0646\u06cc\u0632 \u0627\u0631\u0627\u0626\u0647 \u0645\u06cc \u062f\u0647\u0646\u062f. \u0632\u0646\u062f\u06af\u06cc \u0644\u0648\u06a9\u0633 \u0631\u0627 \u062a\u062c\u0631\u0628\u0647 \u06a9\u0646\u06cc\u062f \u0648 \u0645\u0648\u0641\u0642\u06cc\u062a \u0633\u0631\u0645\u0627\u06cc\u0647 \u06af\u0630\u0627\u0631\u06cc \u062e\u0648\u062f \u0631\u0627 \u062f\u0631 \u0645\u0646\u0637\u0642\u0647 \u0627\u06cc \u06a9\u0647 \u0628\u0647 \u062f\u0644\u06cc\u0644 \u062c\u0630\u0627\u0628\u06cc\u062a \u0637\u0628\u06cc\u0639\u06cc \u0648 \u0631\u0634\u062f \u0627\u0642\u062a\u0635\u0627\u062f\u06cc \u0622\u0646 \u0645\u0634\u0647\u0648\u0631 \u0627\u0633\u062a\u060c \u062a\u0645\u0627\u0634\u0627 \u06a9\u0646\u06cc\u062f. Resort Village \u062c\u0627\u06cc\u06cc \u0627\u0633\u062a \u06a9\u0647 \u0686\u0634\u0645 \u0627\u0646\u062f\u0627\u0632 \u0633\u0631\u0645\u0627\u06cc\u0647 \u06af\u0630\u0627\u0631\u06cc \u0634\u0645\u0627 \u0628\u0647 \u06cc\u06a9 \u0648\u0627\u0642\u0639\u06cc\u062a \u0634\u06af\u0641\u062a \u0627\u0646\u06af\u06cc\u0632 \u062a\u0628\u062f\u06cc\u0644 \u0645\u06cc \u0634\u0648\u062f.<\/p>\n\t\t\t\t\t\t<\/div>\n\t\t\t\t<\/div>\n\t\t\t\t<div class=\"elementor-element elementor-element-576dc1c elementor-invisible elementor-widget elementor-widget-heading\" data-id=\"576dc1c\" data-element_type=\"widget\" data-settings=\"{&quot;_animation&quot;:&quot;fadeInUp&quot;}\" data-widget_type=\"heading.default\">\n\t\t\t\t<div class=\"elementor-widget-container\">\n\t\t\t<style>\/*! elementor - v3.17.0 - 25-10-2023 *\/\n.elementor-heading-title{padding:0;margin:0;line-height:1}.elementor-widget-heading .elementor-heading-title[class*=elementor-size-]>a{color:inherit;font-size:inherit;line-height:inherit}.elementor-widget-heading .elementor-heading-title.elementor-size-small{font-size:15px}.elementor-widget-heading .elementor-heading-title.elementor-size-medium{font-size:19px}.elementor-widget-heading .elementor-heading-title.elementor-size-large{font-size:29px}.elementor-widget-heading .elementor-heading-title.elementor-size-xl{font-size:39px}.elementor-widget-heading .elementor-heading-title.elementor-size-xxl{font-size:59px}<\/style><h2 class=\"elementor-heading-title elementor-size-default\">\u0645\u0632\u0627\u06cc\u0627\u06cc \u0633\u0631\u0645\u0627\u06cc\u0647 \u06af\u0630\u0627\u0631\u06cc \u062f\u0631 \u0642\u0628\u0631\u0633 \u0634\u0645\u0627\u0644\u06cc<\/h2>\t\t<\/div>\n\t\t\t\t<\/div>\n\t\t\t\t<div class=\"elementor-element elementor-element-680e40a elementor-icon-list--layout-traditional elementor-list-item-link-full_width elementor-widget elementor-widget-icon-list\" data-id=\"680e40a\" data-element_type=\"widget\" data-widget_type=\"icon-list.default\">\n\t\t\t\t<div class=\"elementor-widget-container\">\n\t\t\t<link rel=\"stylesheet\" href=\"https:\/\/theresortvillagecyprus.com\/wp-content\/plugins\/elementor\/assets\/css\/widget-icon-list.min.css\">\t\t<ul class=\"elementor-icon-list-items\">\n\t\t\t\t\t\t\t<li class=\"elementor-icon-list-item\">\n\t\t\t\t\t\t\t\t\t\t\t<span class=\"elementor-icon-list-icon\">\n\t\t\t\t\t\t\t<i aria-hidden=\"true\" class=\"fas fa-dot-circle\"><\/i>\t\t\t\t\t\t<\/span>\n\t\t\t\t\t\t\t\t\t\t<span class=\"elementor-icon-list-text\">\u0642\u06cc\u0645\u062a \u0647\u0627\u06cc \u0628\u0633\u06cc\u0627\u0631 \u062c\u0630\u0627\u0628 \u0627\u0645\u0644\u0627\u06a9 \u0648 \u0645\u0633\u062a\u063a\u0644\u0627\u062a<\/span>\n\t\t\t\t\t\t\t\t\t<\/li>\n\t\t\t\t\t\t\t\t<li class=\"elementor-icon-list-item\">\n\t\t\t\t\t\t\t\t\t\t\t<span class=\"elementor-icon-list-icon\">\n\t\t\t\t\t\t\t<i aria-hidden=\"true\" class=\"fas fa-dot-circle\"><\/i>\t\t\t\t\t\t<\/span>\n\t\t\t\t\t\t\t\t\t\t<span class=\"elementor-icon-list-text\">\u0628\u0627\u0632\u062f\u0647 \u0633\u0631\u0645\u0627\u06cc\u0647 \u06af\u0630\u0627\u0631\u06cc \u0628\u0627\u0644\u0627<\/span>\n\t\t\t\t\t\t\t\t\t<\/li>\n\t\t\t\t\t\t\t\t<li class=\"elementor-icon-list-item\">\n\t\t\t\t\t\t\t\t\t\t\t<span class=\"elementor-icon-list-icon\">\n\t\t\t\t\t\t\t<i aria-hidden=\"true\" class=\"fas fa-dot-circle\"><\/i>\t\t\t\t\t\t<\/span>\n\t\t\t\t\t\t\t\t\t\t<span class=\"elementor-icon-list-text\">3 \u0641\u0631\u0648\u062f\u06af\u0627\u0647 \u0628\u06cc\u0646 \u0627\u0644\u0645\u0644\u0644\u06cc \u062f\u0633\u062a\u0631\u0633\u06cc \u0622\u0633\u0627\u0646 \u0627\u0632 \u0633\u0631\u0627\u0633\u0631 \u062c\u0647\u0627\u0646 \u0631\u0627 \u0641\u0631\u0627\u0647\u0645 \u0645\u06cc \u06a9\u0646\u062f<\/span>\n\t\t\t\t\t\t\t\t\t<\/li>\n\t\t\t\t\t\t\t\t<li class=\"elementor-icon-list-item\">\n\t\t\t\t\t\t\t\t\t\t\t<span class=\"elementor-icon-list-icon\">\n\t\t\t\t\t\t\t<i aria-hidden=\"true\" class=\"fas fa-dot-circle\"><\/i>\t\t\t\t\t\t<\/span>\n\t\t\t\t\t\t\t\t\t\t<span class=\"elementor-icon-list-text\">\u0647\u0632\u06cc\u0646\u0647 \u0632\u0646\u062f\u06af\u06cc \u0646\u0633\u0628\u062a\u0627 \u067e\u0627\u06cc\u06cc\u0646<\/span>\n\t\t\t\t\t\t\t\t\t<\/li>\n\t\t\t\t\t\t\t\t<li class=\"elementor-icon-list-item\">\n\t\t\t\t\t\t\t\t\t\t\t<span class=\"elementor-icon-list-icon\">\n\t\t\t\t\t\t\t<i aria-hidden=\"true\" class=\"fas fa-dot-circle\"><\/i>\t\t\t\t\t\t<\/span>\n\t\t\t\t\t\t\t\t\t\t<span class=\"elementor-icon-list-text\">\u0631\u0634\u062f \u0633\u0631\u0645\u0627\u06cc\u0647 \u0639\u0627\u0644\u06cc \u0628\u0631\u0627\u06cc \u0633\u0631\u0645\u0627\u06cc\u0647 \u06af\u0630\u0627\u0631\u0627\u0646\u06cc \u06a9\u0647 \u0628\u0647 \u062f\u0646\u0628\u0627\u0644 \u0641\u0631\u0648\u0634 \u0645\u062c\u062f\u062f \u0647\u0633\u062a\u0646\u062f<\/span>\n\t\t\t\t\t\t\t\t\t<\/li>\n\t\t\t\t\t\t\t\t<li class=\"elementor-icon-list-item\">\n\t\t\t\t\t\t\t\t\t\t\t<span class=\"elementor-icon-list-icon\">\n\t\t\t\t\t\t\t<i aria-hidden=\"true\" class=\"fas fa-dot-circle\"><\/i>\t\t\t\t\t\t<\/span>\n\t\t\t\t\t\t\t\t\t\t<span class=\"elementor-icon-list-text\">\u0628\u0627 \u062d\u062f\u0627\u06a9\u062b\u0631 340 \u0631\u0648\u0632 \u0622\u0641\u062a\u0627\u0628\u06cc \u062f\u0631 \u0633\u0627\u0644\u061b \u0645\u0646\u0627\u0633\u0628 \u0628\u0631\u0627\u06cc \u062f\u0631\u0622\u0645\u062f \u0627\u062c\u0627\u0631\u0647 \u062a\u0639\u0637\u06cc\u0644\u0627\u062a<\/span>\n\t\t\t\t\t\t\t\t\t<\/li>\n\t\t\t\t\t\t<\/ul>\n\t\t\t\t<\/div>\n\t\t\t\t<\/div>\n\t\t\t\t<section class=\"elementor-section elementor-inner-section elementor-element elementor-element-ed69058 elementor-section-boxed elementor-section-height-default elementor-section-height-default\" data-id=\"ed69058\" data-element_type=\"section\">\n\t\t\t\t\t\t<div class=\"elementor-container elementor-column-gap-default\">\n\t\t\t\t\t<div class=\"elementor-column elementor-col-50 elementor-inner-column elementor-element elementor-element-7825c6f\" data-id=\"7825c6f\" data-element_type=\"column\">\n\t\t\t<div class=\"elementor-widget-wrap elementor-element-populated\">\n\t\t\t\t\t\t\t\t<div class=\"elementor-element elementor-element-a75b60e elementor-widget elementor-widget-counter\" data-id=\"a75b60e\" data-element_type=\"widget\" data-widget_type=\"counter.default\">\n\t\t\t\t<div class=\"elementor-widget-container\">\n\t\t\t<style>\/*! elementor - v3.17.0 - 25-10-2023 *\/\n.elementor-counter .elementor-counter-number-wrapper{display:flex;font-size:69px;font-weight:600;line-height:1}.elementor-counter .elementor-counter-number-prefix,.elementor-counter .elementor-counter-number-suffix{flex-grow:1;white-space:pre-wrap}.elementor-counter .elementor-counter-number-prefix{text-align:right}.elementor-counter .elementor-counter-number-suffix{text-align:left}.elementor-counter .elementor-counter-title{text-align:center;font-size:19px;font-weight:400;line-height:2.5}<\/style>\t\t<div class=\"elementor-counter\">\n\t\t\t<div class=\"elementor-counter-number-wrapper\">\n\t\t\t\t<span class=\"elementor-counter-number-prefix\"><\/span>\n\t\t\t\t<span class=\"elementor-counter-number\" data-duration=\"2000\" data-to-value=\"142\" data-from-value=\"0\" data-delimiter=\",\">0<\/span>\n\t\t\t\t<span class=\"elementor-counter-number-suffix\">%<\/span>\n\t\t\t<\/div>\n\t\t\t\t\t\t\t<div class=\"elementor-counter-title\">Daire Fiyat Art\u0131\u015f\u0131 (2021-2023)<\/div>\n\t\t\t\t\t<\/div>\n\t\t\t\t<\/div>\n\t\t\t\t<\/div>\n\t\t\t\t\t<\/div>\n\t\t<\/div>\n\t\t\t\t<div class=\"elementor-column elementor-col-50 elementor-inner-column elementor-element elementor-element-418811d\" data-id=\"418811d\" data-element_type=\"column\">\n\t\t\t<div class=\"elementor-widget-wrap elementor-element-populated\">\n\t\t\t\t\t\t\t\t<div class=\"elementor-element elementor-element-4627e10 elementor-widget elementor-widget-counter\" data-id=\"4627e10\" data-element_type=\"widget\" data-widget_type=\"counter.default\">\n\t\t\t\t<div class=\"elementor-widget-container\">\n\t\t\t\t\t<div class=\"elementor-counter\">\n\t\t\t<div class=\"elementor-counter-number-wrapper\">\n\t\t\t\t<span class=\"elementor-counter-number-prefix\"><\/span>\n\t\t\t\t<span class=\"elementor-counter-number\" data-duration=\"2000\" data-to-value=\"120\" data-from-value=\"0\" data-delimiter=\",\">0<\/span>\n\t\t\t\t<span class=\"elementor-counter-number-suffix\">%<\/span>\n\t\t\t<\/div>\n\t\t\t\t\t\t\t<div class=\"elementor-counter-title\">Konut Fiyat Art\u0131\u015f\u0131 (2021-2023)<\/div>\n\t\t\t\t\t<\/div>\n\t\t\t\t<\/div>\n\t\t\t\t<\/div>\n\t\t\t\t\t<\/div>\n\t\t<\/div>\n\t\t\t\t\t\t\t<\/div>\n\t\t<\/section>\n\t\t\t\t\t<\/div>\n\t\t<\/div>\n\t\t\t\t\t\t\t<\/div>\n\t\t<\/section>\n\t\t\t\t\t\t\t<\/div>\n\t\t","protected":false},"excerpt":{"rendered":"<p>\u0628\u0627 The Resort Village \u0633\u0628\u062f \u0633\u0631\u0645\u0627\u06cc\u0647 \u06af\u0630\u0627\u0631\u06cc \u062e\u0648\u062f \u0631\u0627 \u062f\u0631 \u0642\u0644\u0628 \u0642\u0628\u0631\u0633 \u0634\u0645\u0627\u0644\u06cc \u062a\u0642\u0648\u06cc\u062a \u06a9\u0646\u06cc\u062f. \u0641\u0631\u0635\u062a\u200c\u0647\u0627\u06cc \u0645\u0646\u062d\u0635\u0631\u0628\u0647\u200c\u0641\u0631\u062f \u0631\u0627 \u062f\u0631 \u0645\u06a9\u0627\u0646\u06cc \u06a9\u0647 \u0633\u0646\u062a \u0628\u0627 \u0645\u062f\u0631\u0646\u06cc\u062a\u0647 \u0645\u0644\u0627\u0642\u0627\u062a \u0645\u06cc\u200c\u06a9\u0646\u062f\u060c \u06a9\u0634\u0641 \u06a9\u0646\u06cc\u062f \u0648 \u0627\u0637\u0645\u06cc\u0646\u0627\u0646 \u062d\u0627\u0635\u0644 \u06a9\u0646\u06cc\u062f \u06a9\u0647 \u0633\u0631\u0645\u0627\u06cc\u0647\u200c\u06af\u0630\u0627\u0631\u06cc \u0634\u0645\u0627 \u0646\u0647 \u062a\u0646\u0647\u0627 \u0631\u0634\u062f \u0645\u06cc\u200c\u06a9\u0646\u062f\u060c \u0628\u0644\u06a9\u0647 \u062a\u0648\u0633\u0639\u0647 \u0645\u06cc\u200c\u06cc\u0627\u0628\u062f. \u0633\u0641\u0631 \u0633\u0631\u0645\u0627\u06cc\u0647 \u06af\u0630\u0627\u0631\u06cc \u062e\u0648\u062f \u0631\u0627 \u062c\u0627\u06cc\u06cc \u06a9\u0647 \u0647\u0631 \u062c\u0632\u0626\u06cc\u0627\u062a \u0646\u0634\u0627\u0646 \u062f\u0647\u0646\u062f\u0647 \u062a\u062c\u0645\u0644 \u0648 [&hellip;]<\/p>\n","protected":false},"author":1,"featured_media":0,"parent":0,"menu_order":0,"comment_status":"closed","ping_status":"closed","template":"elementor_header_footer","meta":{"footnotes":""},"class_list":["post-4248","page","type-page","status-publish","hentry"],"_links":{"self":[{"href":"https:\/\/theresortvillagecyprus.com\/fa\/wp-json\/wp\/v2\/pages\/4248","targetHints":{"allow":["GET"]}}],"collection":[{"href":"https:\/\/theresortvillagecyprus.com\/fa\/wp-json\/wp\/v2\/pages"}],"about":[{"href":"https:\/\/theresortvillagecyprus.com\/fa\/wp-json\/wp\/v2\/types\/page"}],"author":[{"embeddable":true,"href":"https:\/\/theresortvillagecyprus.com\/fa\/wp-json\/wp\/v2\/users\/1"}],"replies":[{"embeddable":true,"href":"https:\/\/theresortvillagecyprus.com\/fa\/wp-json\/wp\/v2\/comments?post=4248"}],"version-history":[{"count":1,"href":"https:\/\/theresortvillagecyprus.com\/fa\/wp-json\/wp\/v2\/pages\/4248\/revisions"}],"predecessor-version":[{"id":4259,"href":"https:\/\/theresortvillagecyprus.com\/fa\/wp-json\/wp\/v2\/pages\/4248\/revisions\/4259"}],"wp:attachment":[{"href":"https:\/\/theresortvillagecyprus.com\/fa\/wp-json\/wp\/v2\/media?parent=4248"}],"curies":[{"name":"wp","href":"https:\/\/api.w.org\/{rel}","templated":true}]}}